{"id":83,"date":"2017-01-04T18:52:42","date_gmt":"2017-01-04T18:52:42","guid":{"rendered":"http:\/\/test2.stuprak-olc.de\/?page_id=83"},"modified":"2018-11-12T16:44:35","modified_gmt":"2018-11-12T16:44:35","slug":"kontakt","status":"publish","type":"page","link":"https:\/\/www.stuprak-olc.de\/?page_id=83","title":{"rendered":"Kontakt"},"content":{"rendered":"<h6>Kontaktinformationen zum OLC e.V. (Oulun l\u00e4\u00e4ni Contact e.V.):<\/h6>\n<p><strong>Adresse<br \/>\n<\/strong>Ringstra\u00dfe 28<br \/>\n74417 Gschwend<br \/>\nDeutschland<\/p>\n<p><strong>Telefon<br \/>\n<\/strong>+49 &#8211; 7972 &#8211; 91 1045<\/p>\n<p><strong>E-Mail<br \/>\n<\/strong><span style=\"color: #993300;\"><a style=\"color: #993300;\" href=\"mailto:OLCStuPrak@web.de\">OLCStuPrak@web.de<\/a><\/span><\/p>\n<p><strong>Homepage<br \/>\n<\/strong><span style=\"color: #0000ff;\"><a style=\"color: #0000ff;\" href=\"http:\/\/www.stuprak-olc.de\/\">www.stuprak-olc.de<\/a><\/span><\/p>\n","protected":false},"excerpt":{"rendered":"<p>Kontaktinformationen zum OLC e.V. (Oulun l\u00e4\u00e4ni Contact e.V.): Adresse Ringstra\u00dfe 28 74417 Gschwend Deutschland Telefon +49 &#8211; 7972 &#8211; 91 1045 E-Mail OLCStuPrak@web.de Homepage www.stuprak-olc.de<\/p>\n","protected":false},"author":1,"featured_media":0,"parent":0,"menu_order":0,"comment_status":"closed","ping_status":"closed","template":"","meta":[],"_links":{"self":[{"href":"https:\/\/www.stuprak-olc.de\/index.php?rest_route=\/wp\/v2\/pages\/83"}],"collection":[{"href":"https:\/\/www.stuprak-olc.de\/index.php?rest_route=\/wp\/v2\/pages"}],"about":[{"href":"https:\/\/www.stuprak-olc.de\/index.php?rest_route=\/wp\/v2\/types\/page"}],"author":[{"embeddable":true,"href":"https:\/\/www.stuprak-olc.de\/index.php?rest_route=\/wp\/v2\/users\/1"}],"replies":[{"embeddable":true,"href":"https:\/\/www.stuprak-olc.de\/index.php?rest_route=%2Fwp%2Fv2%2Fcomments&post=83"}],"version-history":[{"count":3,"href":"https:\/\/www.stuprak-olc.de\/index.php?rest_route=\/wp\/v2\/pages\/83\/revisions"}],"predecessor-version":[{"id":126,"href":"https:\/\/www.stuprak-olc.de\/index.php?rest_route=\/wp\/v2\/pages\/83\/revisions\/126"}],"wp:attachment":[{"href":"https:\/\/www.stuprak-olc.de\/index.php?rest_route=%2Fwp%2Fv2%2Fmedia&parent=83"}],"curies":[{"name":"wp","href":"https:\/\/api.w.org\/{rel}","templated":true}]}}