{"id":61,"date":"2017-01-04T18:10:14","date_gmt":"2017-01-04T18:10:14","guid":{"rendered":"http:\/\/test2.stuprak-olc.de\/?page_id=61"},"modified":"2023-11-20T17:06:22","modified_gmt":"2023-11-20T17:06:22","slug":"themenfeld-3-praktikantenaustausch-2017","status":"publish","type":"page","link":"https:\/\/www.stuprak-olc.de\/?page_id=61","title":{"rendered":"Themenfeld 3 &#8211; Praktikantenaustausch 2024"},"content":{"rendered":"<p><img loading=\"lazy\" class=\"alignnone size-full wp-image-62\" src=\"http:\/\/www.stuprak-olc.de\/WordPress_01\/wp-content\/uploads\/2017\/01\/t3_logo.png\" alt=\"\" width=\"250\" height=\"174\"><\/p>\n<blockquote><p><strong>Berufserfahrung sammeln!<\/strong><\/p><\/blockquote>\n<p>Das OLC-Projekt <em>\u201eBerufserfahrung sammeln! <\/em>unterst\u00fctzt das Bestreben \u2013 zusammen mit der Europ\u00e4ischen Union \u2013 die Berufsqualifikation Jugendlicher in Europa zu verbessern.<\/p>\n\n<table id=\"tablepress-3\" class=\"tablepress tablepress-id-3\">\n<tbody class=\"row-hover\">\n<tr class=\"row-1\">\n\t<td class=\"column-1\"><strong>Praktika in Baden \u2013 W\u00fcrttemberg f\u00fcr finnische Sch\u00fcler und Studenten an beruflichen Schulen und Fachhochschulen<\/strong><br \/>\n<ul><br \/>\n \t<li>Beratung durch OLC e.V. f\u00fcr ein 1-monatiges Praktikum in mittelst\u00e4ndischen Firmen<\/li><br \/>\n \t<li>Ein finanzieller Verdienst darf nicht erwartet werden.<\/li><br \/>\n \t<li>Ausreichende Deutschkenntnisse in Wort und Schrift sind Voraussetzung!<\/li><br \/>\n \t<li><strong>Anmeldung zum Praktikum:<\/strong> Bei Interesse sendest du drei Monate vor dem gew\u00fcnschten Praktikum folgende Unterlagen an OLC e.V. - Postadresse: OLC e.V., Ringstr. 28, 74417 Gschwend, Deutschland \u2013<br \/>\n<ol><br \/>\n \t<li>Motivationsschreiben<\/li><br \/>\n \t<li>Lebenslauf<\/li><br \/>\n \t<li>Ausbildung<\/li><br \/>\n \t<li>Aktuelles Zeugnis<\/li><br \/>\n \t<li>Qualifikationen<\/li><br \/>\n \t<li>Gew\u00fcnschte Praktikumsstelle (Branche)<\/li><br \/>\n \t<li>Beurteilung der Schule \/ Fachhochschule<\/li><br \/>\n<\/ol><br \/>\n<\/li><br \/>\n \t<li>Nach Pr\u00fcfung der Papiere erh\u00e4ltst du passende Kontaktadressen von Firmen oder Einrichtungen, an die du deine Bewerbungsunterlagen (siehe oben) senden kannst.<\/li><br \/>\n \t<li>OLC e.V. kann dir behilflich sein beim Finden einer \u00dcbernachtungsm\u00f6glichkeit<\/li><br \/>\n \t<li>OLC e.V. erwartet einen Unkostenbeitrag von 75,00 \u20ac<\/li><br \/>\n<\/ul><\/td>\n<\/tr>\n<\/tbody>\n<\/table>\n<!-- #tablepress-3 from cache -->\n","protected":false},"excerpt":{"rendered":"<p>Berufserfahrung sammeln! Das OLC-Projekt \u201eBerufserfahrung sammeln! unterst\u00fctzt das Bestreben \u2013 zusammen mit der Europ\u00e4ischen Union \u2013 die Berufsqualifikation Jugendlicher in Europa zu verbessern.<\/p>\n","protected":false},"author":1,"featured_media":0,"parent":0,"menu_order":0,"comment_status":"closed","ping_status":"closed","template":"","meta":[],"_links":{"self":[{"href":"https:\/\/www.stuprak-olc.de\/index.php?rest_route=\/wp\/v2\/pages\/61"}],"collection":[{"href":"https:\/\/www.stuprak-olc.de\/index.php?rest_route=\/wp\/v2\/pages"}],"about":[{"href":"https:\/\/www.stuprak-olc.de\/index.php?rest_route=\/wp\/v2\/types\/page"}],"author":[{"embeddable":true,"href":"https:\/\/www.stuprak-olc.de\/index.php?rest_route=\/wp\/v2\/users\/1"}],"replies":[{"embeddable":true,"href":"https:\/\/www.stuprak-olc.de\/index.php?rest_route=%2Fwp%2Fv2%2Fcomments&post=61"}],"version-history":[{"count":9,"href":"https:\/\/www.stuprak-olc.de\/index.php?rest_route=\/wp\/v2\/pages\/61\/revisions"}],"predecessor-version":[{"id":179,"href":"https:\/\/www.stuprak-olc.de\/index.php?rest_route=\/wp\/v2\/pages\/61\/revisions\/179"}],"wp:attachment":[{"href":"https:\/\/www.stuprak-olc.de\/index.php?rest_route=%2Fwp%2Fv2%2Fmedia&parent=61"}],"curies":[{"name":"wp","href":"https:\/\/api.w.org\/{rel}","templated":true}]}}