{"id":13,"date":"2017-01-04T12:55:26","date_gmt":"2017-01-04T12:55:26","guid":{"rendered":"http:\/\/test2.stuprak-olc.de\/?page_id=13"},"modified":"2023-11-20T17:05:42","modified_gmt":"2023-11-20T17:05:42","slug":"themenfeld-1-schueleraustausch-2017","status":"publish","type":"page","link":"https:\/\/www.stuprak-olc.de\/?page_id=13","title":{"rendered":"Themenfeld 1 &#8211; Sch\u00fcleraustausch 2024"},"content":{"rendered":"<blockquote><p><img loading=\"lazy\" class=\"alignnone size-full wp-image-55\" src=\"http:\/\/www.stuprak-olc.de\/WordPress_01\/wp-content\/uploads\/2017\/01\/t1_logo.png\" alt=\"\" width=\"249\" height=\"173\"><\/p>\n<p><strong>Deutsch lernen wird immer wichtiger !<\/strong><\/p><\/blockquote>\n<p>Der Sch\u00fcleraustausch steht unter dem besonderen Thema <em>\u201eFinnische Sch\u00fcler zum Deutsch lernen nach Baden-W\u00fcrttemberg\u201c <\/em>und unterst\u00fctzt das Bestreben, die Deutschkenntnisse praxisnah zu verbessern.<\/p>\n<p><strong>Voraussetzungen\/Bedingungen:<\/strong><\/p>\n<ul>\n<li>Gute Grundkenntnisse in Deutsch<\/li>\n<li>Bereitschaft, Deutsch zu sprechen<\/li>\n<li>\u00dcbernachtung in Gastfamilien<\/li>\n<li>Schulbesuch, Teilnahme und Interesse am Unterricht<\/li>\n<li>Dauer: 2-3 Wochen<\/li>\n<li>Vollst\u00e4ndige Abgabe der Bewerbungsunterlagen (Anmeldung verbindlich) in Papierform:\n<ul>\n<li>Personalbogen<\/li>\n<li>Lebenslauf<\/li>\n<li>Motivationsschreiben (warum ich am Sch\u00fcleraustausch teilnehmen m\u00f6chte)<\/li>\n<li>WLAN-Nutzungsvereinbarung, Kenntnisnahme unterschrieben<\/li>\n<li>Akzeptanz der geltenden Corona-Regeln<\/li>\n<\/ul>\n<\/li>\n<\/ul>\n<p><strong>Wie l\u00e4uft bei uns der Sch\u00fcleraustausch ab? <\/strong><\/p>\n\n<table id=\"tablepress-1\" class=\"tablepress tablepress-id-1\">\n<tbody class=\"row-hover\">\n<tr class=\"row-1\">\n\t<td class=\"column-1\">1. <strong>Verbindliche Anmeldung <\/strong> bis zum 31.12.2023<br \/>\n<\/td><td class=\"column-2\"><\/td><td class=\"column-3\">2. <strong>Zuteilung<\/strong> der Gastfamilie und der Schule durch OLC e.V.<\/td>\n<\/tr>\n<tr class=\"row-2\">\n\t<td class=\"column-1\"><\/td><td class=\"column-2\"><\/td><td class=\"column-3\"><\/td>\n<\/tr>\n<tr class=\"row-3\">\n\t<td class=\"column-1\">3. <strong>Informationsbrief<\/strong> von OLC e.V. unterschrieben zur\u00fcck<\/td><td class=\"column-2\"><\/td><td class=\"column-3\">4. <strong>Anreise der finnischen Sch\u00fcler<\/strong> in der Regel ab 01.06.2024<\/td>\n<\/tr>\n<tr class=\"row-4\">\n\t<td colspan=\"3\" class=\"column-1\">Die Anreise (Flug nach Stuttgart \/ Flug nach Frankfurt am Main + Zug \/ Flug nach M\u00fcnchen + Zug) organisiert der finnische Sch\u00fcler \/ die finnische Sch\u00fclerin selbst.<\/td>\n<\/tr>\n<\/tbody>\n<\/table>\n<!-- #tablepress-1 from cache -->\n<p><strong>Kosten<\/strong>:<\/p>\n<ul>\n<li>Sie tragen die Kosten f\u00fcr die Anreise und Ihre pers\u00f6nlichen Bed\u00fcrfnisse selbst.<\/li>\n<li>F\u00fcr die Bearbeitung der Anmeldung erwartet OLC e.V. einen Unkostenbeitrag in H\u00f6he von <strong>75,00 \u20ac, <\/strong>zahlbar per \u00dcberweisung mit Abgabe der Anmeldung.<strong><br \/>\n<\/strong>Bankverbindung: IBAN DE63 6139 1410 0102 4850 03 <strong><br \/>\n<\/strong><\/li>\n<li>Kostenbeteiligung f\u00fcr \u00dcbernachtung und Verpflegung in den Gastfamilien: <strong>5<\/strong><strong>0,00 \u20ac pro Woche.&nbsp;<\/strong><\/li>\n<\/ul>\n","protected":false},"excerpt":{"rendered":"<p>Deutsch lernen wird immer wichtiger ! Der Sch\u00fcleraustausch steht unter dem besonderen Thema \u201eFinnische Sch\u00fcler zum Deutsch lernen nach Baden-W\u00fcrttemberg\u201c und unterst\u00fctzt das Bestreben, die Deutschkenntnisse praxisnah zu verbessern. Voraussetzungen\/Bedingungen: Gute Grundkenntnisse in Deutsch Bereitschaft, Deutsch zu sprechen \u00dcbernachtung in Gastfamilien Schulbesuch, Teilnahme und Interesse am Unterricht Dauer: 2-3 Wochen Vollst\u00e4ndige Abgabe der Bewerbungsunterlagen (Anmeldung &hellip; <a href=\"https:\/\/www.stuprak-olc.de\/?page_id=13\" class=\"more-link\"><span class=\"screen-reader-text\">Themenfeld 1 &#8211; Sch\u00fcleraustausch 2024<\/span> weiterlesen <span class=\"meta-nav\">&rarr;<\/span><\/a><\/p>\n","protected":false},"author":1,"featured_media":0,"parent":0,"menu_order":0,"comment_status":"closed","ping_status":"closed","template":"","meta":[],"_links":{"self":[{"href":"https:\/\/www.stuprak-olc.de\/index.php?rest_route=\/wp\/v2\/pages\/13"}],"collection":[{"href":"https:\/\/www.stuprak-olc.de\/index.php?rest_route=\/wp\/v2\/pages"}],"about":[{"href":"https:\/\/www.stuprak-olc.de\/index.php?rest_route=\/wp\/v2\/types\/page"}],"author":[{"embeddable":true,"href":"https:\/\/www.stuprak-olc.de\/index.php?rest_route=\/wp\/v2\/users\/1"}],"replies":[{"embeddable":true,"href":"https:\/\/www.stuprak-olc.de\/index.php?rest_route=%2Fwp%2Fv2%2Fcomments&post=13"}],"version-history":[{"count":13,"href":"https:\/\/www.stuprak-olc.de\/index.php?rest_route=\/wp\/v2\/pages\/13\/revisions"}],"predecessor-version":[{"id":178,"href":"https:\/\/www.stuprak-olc.de\/index.php?rest_route=\/wp\/v2\/pages\/13\/revisions\/178"}],"wp:attachment":[{"href":"https:\/\/www.stuprak-olc.de\/index.php?rest_route=%2Fwp%2Fv2%2Fmedia&parent=13"}],"curies":[{"name":"wp","href":"https:\/\/api.w.org\/{rel}","templated":true}]}}