{"id":10,"date":"2017-01-04T12:55:14","date_gmt":"2017-01-04T12:55:14","guid":{"rendered":"http:\/\/test2.stuprak-olc.de\/?page_id=10"},"modified":"2023-11-20T17:21:25","modified_gmt":"2023-11-20T17:21:25","slug":"wir-ueber-uns","status":"publish","type":"page","link":"https:\/\/www.stuprak-olc.de\/","title":{"rendered":"Wir \u00fcber uns"},"content":{"rendered":"<p><img loading=\"lazy\" class=\"alignnone size-full wp-image-54\" src=\"http:\/\/www.stuprak-olc.de\/WordPress_01\/wp-content\/uploads\/2017\/01\/wueu_logo.png\" alt=\"\" width=\"190\" height=\"133\" \/><\/p>\n<p>OLC e.V. (Oulun l\u00e4\u00e4ni Contact e.V.) ist ein ehrenamtlich t\u00e4tiger Verein in Baden-W\u00fcrttemberg, der in Zusammenarbeit mit der Euroregion Oulu r.y. Sch\u00fcler-, Praktikanten- und Kulturaustausch f\u00f6rdert. Der Verein hat sich insbesondere diese Themen in sein Programm geschrieben:<\/p>\n<ul>\n<li><b><span style=\"color: #0000ff;\"><a style=\"color: #0000ff;\" href=\"http:\/\/www.stuprak-olc.de\/?page_id=13\">Themenfeld 1<\/a><\/span>:<\/b> Sch\u00fcleraustausch: Deutsch lernen wird immer wichtiger!<b><\/b><\/li>\n<li><b><span style=\"color: #0000ff;\"><a style=\"color: #0000ff;\" href=\"http:\/\/www.stuprak-olc.de\/?page_id=61\">Themenfeld 3<\/a><\/span>:<\/b> Praktikantenaustausch: Internationale Berufserfahrung sammeln!<\/li>\n<li><b><span style=\"color: #0000ff;\"><a style=\"color: #0000ff;\" href=\"http:\/\/www.stuprak-olc.de\/?page_id=71\">Themenfeld 4<\/a><\/span>:<\/b> Kulturaustausch: Musizieren &#8211; und mehr &#8211; in Europa!<\/li>\n<\/ul>\n<p>Ziel der Austauschprogramme ist es, den Teilnehmern zu erm\u00f6glichen, die Sprach-<br \/>\nkenntnisse in Deutsch zu verbessern, die Berufswelt in Europa zu erkunden und die<br \/>\nunterschiedlichen Kulturen in Europa kennen zu lernen und im Sinne der<br \/>\nV\u00f6lkerverst\u00e4ndigung Freunde zu finden.<\/p>\n<p><b><i>N\u00e4here Information durch Anklicken der Themenfelder!<\/i><\/b><\/p>\n\n<table id=\"tablepress-2\" class=\"tablepress tablepress-id-2\">\n<tbody class=\"row-hover\">\n<tr class=\"row-1\">\n\t<td class=\"column-1\"><img src=\"http:\/\/www.stuprak-olc.de\/WordPress_01\/wp-content\/uploads\/2017\/01\/wueu3.jpg\" alt=\"\" width=\"114\" height=\"119\" class=\"alignnone size-full wp-image-44\" \/><\/td><td class=\"column-2\">Ansprechpartner in der Euroregion - Oulu und in Baden - W\u00fcrttemberg<br \/>\n<ul><br \/>\n<li>Volker Lauer: <a href=\"mailto:OLCStuPrak@web.de\">OLCStuPrak@web.de<\/a><\/li><br \/>\n \t<li>Tapio Saavalainen: <a href=\"mailto:tapio.saavalainen@gmail.com\">tapio.saavalainen@gmail.com<\/a><\/li><br \/>\n \t \t<li>Gottfried Effe: <a href=\"mailto:gottfried.effe@gmail.com\">gottfried.effe@gmail.com<\/a><\/li><br \/>\n<li>Pauliina Kanervo: <a href=\"mailto:pauliina.kanervo@ouka.fi\">pauliina.kanervo@ouka.fi<\/a><\/li><br \/>\n<\/ul><\/td>\n<\/tr>\n<\/tbody>\n<\/table>\n<!-- #tablepress-2 from cache -->\n<p>Herzlich Willkommen!<\/p>\n<p>Mit herzlichen Gr\u00fc\u00dfen<\/p>\n<p>Gottfried Effe<br \/>\n(OLC e.V. &#8211; Vorsitzender)<\/p>\n","protected":false},"excerpt":{"rendered":"<p>OLC e.V. (Oulun l\u00e4\u00e4ni Contact e.V.) ist ein ehrenamtlich t\u00e4tiger Verein in Baden-W\u00fcrttemberg, der in Zusammenarbeit mit der Euroregion Oulu r.y. Sch\u00fcler-, Praktikanten- und Kulturaustausch f\u00f6rdert. Der Verein hat sich insbesondere diese Themen in sein Programm geschrieben: Themenfeld 1: Sch\u00fcleraustausch: Deutsch lernen wird immer wichtiger! Themenfeld 3: Praktikantenaustausch: Internationale Berufserfahrung sammeln! Themenfeld 4: Kulturaustausch: Musizieren &hellip; <a href=\"https:\/\/www.stuprak-olc.de\/\" class=\"more-link\"><span class=\"screen-reader-text\">Wir \u00fcber uns<\/span> weiterlesen <span class=\"meta-nav\">&rarr;<\/span><\/a><\/p>\n","protected":false},"author":1,"featured_media":0,"parent":0,"menu_order":0,"comment_status":"closed","ping_status":"closed","template":"","meta":[],"_links":{"self":[{"href":"https:\/\/www.stuprak-olc.de\/index.php?rest_route=\/wp\/v2\/pages\/10"}],"collection":[{"href":"https:\/\/www.stuprak-olc.de\/index.php?rest_route=\/wp\/v2\/pages"}],"about":[{"href":"https:\/\/www.stuprak-olc.de\/index.php?rest_route=\/wp\/v2\/types\/page"}],"author":[{"embeddable":true,"href":"https:\/\/www.stuprak-olc.de\/index.php?rest_route=\/wp\/v2\/users\/1"}],"replies":[{"embeddable":true,"href":"https:\/\/www.stuprak-olc.de\/index.php?rest_route=%2Fwp%2Fv2%2Fcomments&post=10"}],"version-history":[{"count":18,"href":"https:\/\/www.stuprak-olc.de\/index.php?rest_route=\/wp\/v2\/pages\/10\/revisions"}],"predecessor-version":[{"id":188,"href":"https:\/\/www.stuprak-olc.de\/index.php?rest_route=\/wp\/v2\/pages\/10\/revisions\/188"}],"wp:attachment":[{"href":"https:\/\/www.stuprak-olc.de\/index.php?rest_route=%2Fwp%2Fv2%2Fmedia&parent=10"}],"curies":[{"name":"wp","href":"https:\/\/api.w.org\/{rel}","templated":true}]}}